{"id":9,"date":"2025-03-21T09:13:50","date_gmt":"2025-03-21T09:13:50","guid":{"rendered":"https:\/\/ae88vn.org\/?page_id=9"},"modified":"2026-04-04T12:50:56","modified_gmt":"2026-04-04T12:50:56","slug":"trang-chu","status":"publish","type":"page","link":"https:\/\/ae88vn.org\/","title":{"rendered":"Trang ch\u1ee7"},"content":{"rendered":"\r\n<div class=\"slider-wrapper relative\" id=\"slider-847875035\" >\n    <div class=\"slider slider-nav-circle slider-nav-large slider-nav-light slider-style-normal\"\n        data-flickity-options='{\n            \"cellAlign\": \"center\",\n            \"imagesLoaded\": true,\n            \"lazyLoad\": 1,\n            \"freeScroll\": false,\n            \"wrapAround\": true,\n            \"autoPlay\": 6000,\n            \"pauseAutoPlayOnHover\" : true,\n            \"prevNextButtons\": true,\n            \"contain\" : true,\n            \"adaptiveHeight\" : true,\n            \"dragThreshold\" : 10,\n            \"percentPosition\": true,\n            \"pageDots\": true,\n            \"rightToLeft\": false,\n            \"draggable\": true,\n            \"selectedAttraction\": 0.1,\n            \"parallax\" : 0,\n            \"friction\": 0.6        }'\n        >\n         \t<div class=\"img has-hover x md-x lg-x y md-y lg-y\" id=\"image_343015691\">\n\t\t\t\t\t\t\t\t<div class=\"img-inner dark\" >\n\t\t\t<img loading=\"lazy\" decoding=\"async\" width=\"1920\" height=\"700\" src=\"https:\/\/ae88vn.org\/wp-content\/uploads\/2025\/03\/Untitled-1.jpg\" class=\"attachment-original size-original\" alt=\"\" srcset=\"https:\/\/ae88vn.org\/wp-content\/uploads\/2025\/03\/Untitled-1.jpg 1920w, https:\/\/ae88vn.org\/wp-content\/uploads\/2025\/03\/Untitled-1-300x109.jpg 300w, https:\/\/ae88vn.org\/wp-content\/uploads\/2025\/03\/Untitled-1-1024x373.jpg 1024w, https:\/\/ae88vn.org\/wp-content\/uploads\/2025\/03\/Untitled-1-768x280.jpg 768w, https:\/\/ae88vn.org\/wp-content\/uploads\/2025\/03\/Untitled-1-1536x560.jpg 1536w\" sizes=\"auto, (max-width: 1920px) 100vw, 1920px\" \/>\t\t\t\t\t\t\n\t\t\t\t\t<\/div>\n\t\t\t\t\t\t\t\t\n<style>\n#image_343015691 {\n  width: 100%;\n}\n<\/style>\n\t<\/div>\n\t      <\/div>\n\n     <div class=\"loading-spin dark large centered\"><\/div>\n\n\t<\/div>\n\n \n\t<section class=\"section\" id=\"section_1320000027\">\n\t\t<div class=\"section-bg fill\" >\n\t\t\t\t\t\t\t\t\t\n\t\t\t\n\n\t\t<\/div>\n\n\t\t\n\n\t\t<div class=\"section-content relative\">\n\t\t\t <div class=\"row row-small\"  id=\"row-586434956\"> \n\t<div id=\"col-452675385\" class=\"col small-12 large-12\"  >\n\t\t\t\t<div class=\"col-inner\"  >\n\t\t\t\n\t\t\t <div class=\"container section-title-container\" ><h2 class=\"section-title section-title-center\"><b><\/b><span class=\"section-title-main\" style=\"color:#b30000;\">Xoilac - Link Tr\u1ef1c Ti\u1ebfp B\u00f3ng \u0110\u00e1 #1, Xem B\u00f3ng \u0110\u00e1 Tr\u1ef1c Tuy\u1ebfn t\u1ed1c \u0111\u1ed9 cao<\/span><b><\/b><\/h2><\/div> \t<div id=\"text-1097380236\" class=\"text\">\n\t\t\r\n<p>l\u00e0 m\u1ed9t trong nh\u1eefng n\u1ec1n t\u1ea3ng h\u00e0ng \u0111\u1ea7u d\u00e0nh cho nh\u1eefng ng\u01b0\u1eddi y\u00eau th\u00edch th\u1ec3 thao, \u0111\u1eb7c bi\u1ec7t l\u00e0 b\u00f3ng \u0111\u00e1 <span style=\"font-weight: 400;\">,<strong>ok8386<\/strong>,<\/span> <a href=\"https:\/\/u888jh.com\/\"><strong>https:\/\/u888jh.com\/<\/strong><\/a>. V\u1edbi s\u1ef1 ph\u00e1t tri\u1ec3n nhanh ch\u00f3ng c\u1ee7a c\u00f4ng ngh\u1ec7 v\u00e0 nhu c\u1ea7u gi\u1ea3i tr\u00ed ng\u00e0y c\u00e0ng cao, <strong><span data-sheets-root=\"1\"><a href=\"https:\/\/ok8386a.net\/\">ok8386a net<\/a>,<\/span><\/strong> ok8386 ,\u00a0<span data-sheets-root=\"1\"><a href=\"https:\/\/ok8386.finance\/\"><strong>ok8386 finance<\/strong><\/a>,<\/span>\u00a0 \u0111\u00e3 tr\u1edf th\u00e0nh m\u1ed9t \u0111\u1ecba ch\u1ec9 \u0111\u00e1ng tin c\u1eady cho ng\u01b0\u1eddi h\u00e2m m\u1ed9 th\u1ec3 thao, cung c\u1ea5p c\u00e1c d\u1ecbch v\u1ee5 xem tr\u1ef1c tuy\u1ebfn th\u1ec3 thao mi\u1ec5n ph\u00ed, \u0111\u1eb7c bi\u1ec7t l\u00e0 c\u00e1c tr\u1eadn \u0111\u1ea5u b\u00f3ng \u0111\u00e1 <span data-sheets-root=\"1\"><a class=\"in-cell-link\" href=\"http:\/\/bet88com.me\/\" target=\"_blank\" rel=\"noopener\">bet88<\/a><\/span> t\u1eeb c\u00e1c gi\u1ea3i \u0111\u1ea5u l\u1edbn \u0111\u1ebfn c\u00e1c gi\u1ea3i \u0111\u1ea5u nh\u1ecf.<\/p>\r\n<p>\u0110\u1ed1i t\u00e1c c\u1ee7a ae88vn: <span data-sheets-root=\"1\"><a class=\"in-cell-link\" href=\"https:\/\/8kbetwin.com\/\" target=\"_blank\" rel=\"noopener\">8kbet<\/a>, <a class=\"in-cell-link\" href=\"https:\/\/kuwins.live\/\" target=\"_blank\" rel=\"noopener\">kuwin<\/a>, <a class=\"in-cell-link\" href=\"https:\/\/888clb.work\/\" target=\"_blank\" rel=\"noopener\">88clb<\/a>, <a href=\"https:\/\/1j88com.com\">https:\/\/1j88com.com<\/a>, <a class=\"in-cell-link\" href=\"https:\/\/1j88com.com\/\" target=\"_blank\" rel=\"noopener\">J88<\/a>, 98 win, https:\/\/88bet.house\/, <strong>, <a class=\"in-cell-link\" href=\"https:\/\/mb66.express\/\" target=\"_blank\" rel=\"noopener\">Khuy\u1ebfn m\u1ea1i MB66<\/a>, <a href=\"https:\/\/58win.faith\/\">58win.com<\/a>, <a href=\"https:\/\/ok8386.money\/\">game ok8386<\/a> , <a href=\"https:\/\/gk88t2.com\/no-hu-gk88\/\">n\u1ed5 h\u0169 gk88<\/a>, <a href=\"https:\/\/mb66an.com\/\">mb66<\/a>, <a href=\"https:\/\/mb66ls.com\/rut-tien-mb66\/\">r\u00fat ti\u1ec1n mb66<\/a> | <a href=\"https:\/\/nohu.study\/\">nohu<\/a> <span style=\"font-weight: 400;\"><b>| <a href=\"https:\/\/33winn.ru.com\/\">nh\u00e0 c\u00e1i 33win<\/a> | <a href=\"https:\/\/789winn.jpn.com\/\">789win<\/a> |<\/b><\/span><\/strong><\/span><\/p>\r\n\t\t\n<style>\n#text-1097380236 {\n  color: rgb(0,0,0);\n}\n#text-1097380236 > * {\n  color: rgb(0,0,0);\n}\n<\/style>\n\t<\/div>\n\t \t\t<\/div>\n\t\t\t\t\t<\/div>\n\n\t <\/div> \t\t<\/div>\n\n\t\t\n<style>\n#section_1320000027 {\n  padding-top: 30px;\n  padding-bottom: 30px;\n}\n<\/style>\n\t<\/section>\n\t\r\n","protected":false},"excerpt":{"rendered":"","protected":false},"author":1,"featured_media":0,"parent":0,"menu_order":0,"comment_status":"closed","ping_status":"closed","template":"page-blank.php","meta":{"footnotes":""},"class_list":["post-9","page","type-page","status-publish","hentry"],"_links":{"self":[{"href":"https:\/\/ae88vn.org\/index.php\/wp-json\/wp\/v2\/pages\/9","targetHints":{"allow":["GET"]}}],"collection":[{"href":"https:\/\/ae88vn.org\/index.php\/wp-json\/wp\/v2\/pages"}],"about":[{"href":"https:\/\/ae88vn.org\/index.php\/wp-json\/wp\/v2\/types\/page"}],"author":[{"embeddable":true,"href":"https:\/\/ae88vn.org\/index.php\/wp-json\/wp\/v2\/users\/1"}],"replies":[{"embeddable":true,"href":"https:\/\/ae88vn.org\/index.php\/wp-json\/wp\/v2\/comments?post=9"}],"version-history":[{"count":27,"href":"https:\/\/ae88vn.org\/index.php\/wp-json\/wp\/v2\/pages\/9\/revisions"}],"predecessor-version":[{"id":100,"href":"https:\/\/ae88vn.org\/index.php\/wp-json\/wp\/v2\/pages\/9\/revisions\/100"}],"wp:attachment":[{"href":"https:\/\/ae88vn.org\/index.php\/wp-json\/wp\/v2\/media?parent=9"}],"curies":[{"name":"wp","href":"https:\/\/api.w.org\/{rel}","templated":true}]}}